{"id":8,"date":"2023-10-02T22:01:05","date_gmt":"2023-10-03T01:01:05","guid":{"rendered":"https:\/\/encontrocomcristo.com.br\/pe_alberto_45anos\/?page_id=8"},"modified":"2023-10-05T00:53:15","modified_gmt":"2023-10-05T03:53:15","slug":"home","status":"publish","type":"page","link":"https:\/\/encontrocomcristo.com.br\/pe_alberto_45anos\/","title":{"rendered":"Home"},"content":{"rendered":"\t\t<div data-elementor-type=\"wp-page\" data-elementor-id=\"8\" class=\"elementor elementor-8\" data-elementor-post-type=\"page\">\n\t\t\t\t\t\t\t<div class=\"elementor-element elementor-element-f5556ca e-flex e-con-boxed e-con e-parent\" data-id=\"f5556ca\" data-element_type=\"container\" data-settings=\"{&quot;content_width&quot;:&quot;boxed&quot;}\" data-core-v316-plus=\"true\">\n\t\t\t\t\t<div class=\"e-con-inner\">\n\t\t\t\t<div class=\"elementor-element elementor-element-f114d53 elementor-widget elementor-widget-heading\" data-id=\"f114d53\" data-element_type=\"widget\" data-widget_type=\"heading.default\">\n\t\t\t\t<div class=\"elementor-widget-container\">\n\t\t\t<style>\/*! elementor - v3.16.0 - 20-09-2023 *\/\n.elementor-heading-title{padding:0;margin:0;line-height:1}.elementor-widget-heading .elementor-heading-title[class*=elementor-size-]>a{color:inherit;font-size:inherit;line-height:inherit}.elementor-widget-heading .elementor-heading-title.elementor-size-small{font-size:15px}.elementor-widget-heading .elementor-heading-title.elementor-size-medium{font-size:19px}.elementor-widget-heading .elementor-heading-title.elementor-size-large{font-size:29px}.elementor-widget-heading .elementor-heading-title.elementor-size-xl{font-size:39px}.elementor-widget-heading .elementor-heading-title.elementor-size-xxl{font-size:59px}<\/style><h2 class=\"elementor-heading-title elementor-size-default\">Padre Alberto 45 Anos<\/h2>\t\t<\/div>\n\t\t\t\t<\/div>\n\t\t\t\t\t<\/div>\n\t\t\t\t<\/div>\n\t\t<div class=\"elementor-element elementor-element-e8c7bf1 e-flex e-con-boxed e-con e-parent\" data-id=\"e8c7bf1\" data-element_type=\"container\" data-settings=\"{&quot;content_width&quot;:&quot;boxed&quot;}\" data-core-v316-plus=\"true\">\n\t\t\t\t\t<div class=\"e-con-inner\">\n\t\t<div class=\"elementor-element elementor-element-a95ef23 e-con-full e-flex e-con e-child\" data-id=\"a95ef23\" data-element_type=\"container\" data-settings=\"{&quot;content_width&quot;:&quot;full&quot;}\">\n\t\t\t\t<div class=\"elementor-element elementor-element-0d10e0a elementor-widget elementor-widget-image\" data-id=\"0d10e0a\" data-element_type=\"widget\" data-widget_type=\"image.default\">\n\t\t\t\t<div class=\"elementor-widget-container\">\n\t\t\t<style>\/*! elementor - v3.16.0 - 20-09-2023 *\/\n.elementor-widget-image{text-align:center}.elementor-widget-image a{display:inline-block}.elementor-widget-image a img[src$=\".svg\"]{width:48px}.elementor-widget-image img{vertical-align:middle;display:inline-block}<\/style>\t\t\t\t\t\t\t\t\t\t\t\t<img loading=\"lazy\" decoding=\"async\" width=\"959\" height=\"750\" src=\"https:\/\/encontrocomcristo.com.br\/pe_alberto_45anos\/wp-content\/uploads\/2023\/10\/8.jpg\" class=\"attachment-large size-large wp-image-207\" alt=\"\" srcset=\"https:\/\/encontrocomcristo.com.br\/pe_alberto_45anos\/wp-content\/uploads\/2023\/10\/8.jpg 959w, https:\/\/encontrocomcristo.com.br\/pe_alberto_45anos\/wp-content\/uploads\/2023\/10\/8-300x235.jpg 300w, https:\/\/encontrocomcristo.com.br\/pe_alberto_45anos\/wp-content\/uploads\/2023\/10\/8-768x601.jpg 768w\" sizes=\"auto, (max-width: 959px) 100vw, 959px\" \/>\t\t\t\t\t\t\t\t\t\t\t\t\t\t\t<\/div>\n\t\t\t\t<\/div>\n\t\t\t\t<div class=\"elementor-element elementor-element-dcc80ba elementor-widget elementor-widget-image\" data-id=\"dcc80ba\" data-element_type=\"widget\" data-widget_type=\"image.default\">\n\t\t\t\t<div class=\"elementor-widget-container\">\n\t\t\t\t\t\t\t\t\t\t\t\t\t\t\t<img loading=\"lazy\" decoding=\"async\" width=\"1000\" height=\"667\" src=\"https:\/\/encontrocomcristo.com.br\/pe_alberto_45anos\/wp-content\/uploads\/2023\/10\/nova-110.jpg\" class=\"attachment-large size-large wp-image-209\" alt=\"\" srcset=\"https:\/\/encontrocomcristo.com.br\/pe_alberto_45anos\/wp-content\/uploads\/2023\/10\/nova-110.jpg 1000w, https:\/\/encontrocomcristo.com.br\/pe_alberto_45anos\/wp-content\/uploads\/2023\/10\/nova-110-300x200.jpg 300w, https:\/\/encontrocomcristo.com.br\/pe_alberto_45anos\/wp-content\/uploads\/2023\/10\/nova-110-768x512.jpg 768w\" sizes=\"auto, (max-width: 1000px) 100vw, 1000px\" \/>\t\t\t\t\t\t\t\t\t\t\t\t\t\t\t<\/div>\n\t\t\t\t<\/div>\n\t\t\t\t<div class=\"elementor-element elementor-element-90b7d02 elementor-widget elementor-widget-button\" data-id=\"90b7d02\" data-element_type=\"widget\" data-widget_type=\"button.default\">\n\t\t\t\t<div class=\"elementor-widget-container\">\n\t\t\t\t\t<div class=\"elementor-button-wrapper\">\n\t\t\t<a class=\"elementor-button elementor-button-link elementor-size-sm\" href=\"https:\/\/encontrocomcristo.com.br\/pe_alberto_45anos\/padre-alberto\/galeria\">\n\t\t\t\t\t\t<span class=\"elementor-button-content-wrapper\">\n\t\t\t\t\t\t<span class=\"elementor-button-text\">Ver Galeria<\/span>\n\t\t<\/span>\n\t\t\t\t\t<\/a>\n\t\t<\/div>\n\t\t\t\t<\/div>\n\t\t\t\t<\/div>\n\t\t\t\t<\/div>\n\t\t<div class=\"elementor-element elementor-element-0b6c289 e-con-full e-flex e-con e-child\" data-id=\"0b6c289\" data-element_type=\"container\" data-settings=\"{&quot;content_width&quot;:&quot;full&quot;}\">\n\t\t\t\t<div class=\"elementor-element elementor-element-c6eb27a elementor-widget elementor-widget-image\" data-id=\"c6eb27a\" data-element_type=\"widget\" data-widget_type=\"image.default\">\n\t\t\t\t<div class=\"elementor-widget-container\">\n\t\t\t\t\t\t\t\t\t\t\t\t\t\t\t<img loading=\"lazy\" decoding=\"async\" width=\"931\" height=\"750\" src=\"https:\/\/encontrocomcristo.com.br\/pe_alberto_45anos\/wp-content\/uploads\/2023\/10\/28.jpg\" class=\"attachment-large size-large wp-image-208\" alt=\"\" srcset=\"https:\/\/encontrocomcristo.com.br\/pe_alberto_45anos\/wp-content\/uploads\/2023\/10\/28.jpg 931w, https:\/\/encontrocomcristo.com.br\/pe_alberto_45anos\/wp-content\/uploads\/2023\/10\/28-300x242.jpg 300w, https:\/\/encontrocomcristo.com.br\/pe_alberto_45anos\/wp-content\/uploads\/2023\/10\/28-768x619.jpg 768w\" sizes=\"auto, (max-width: 931px) 100vw, 931px\" \/>\t\t\t\t\t\t\t\t\t\t\t\t\t\t\t<\/div>\n\t\t\t\t<\/div>\n\t\t\t\t<div class=\"elementor-element elementor-element-d2d1afe elementor-widget elementor-widget-image\" data-id=\"d2d1afe\" data-element_type=\"widget\" data-widget_type=\"image.default\">\n\t\t\t\t<div class=\"elementor-widget-container\">\n\t\t\t\t\t\t\t\t\t\t\t\t\t\t\t<img loading=\"lazy\" decoding=\"async\" width=\"1000\" height=\"667\" src=\"https:\/\/encontrocomcristo.com.br\/pe_alberto_45anos\/wp-content\/uploads\/2023\/10\/nova-122.jpg\" class=\"attachment-large size-large wp-image-210\" alt=\"\" srcset=\"https:\/\/encontrocomcristo.com.br\/pe_alberto_45anos\/wp-content\/uploads\/2023\/10\/nova-122.jpg 1000w, https:\/\/encontrocomcristo.com.br\/pe_alberto_45anos\/wp-content\/uploads\/2023\/10\/nova-122-300x200.jpg 300w, https:\/\/encontrocomcristo.com.br\/pe_alberto_45anos\/wp-content\/uploads\/2023\/10\/nova-122-768x512.jpg 768w\" sizes=\"auto, (max-width: 1000px) 100vw, 1000px\" \/>\t\t\t\t\t\t\t\t\t\t\t\t\t\t\t<\/div>\n\t\t\t\t<\/div>\n\t\t\t\t<\/div>\n\t\t<div class=\"elementor-element elementor-element-12f39cd e-con-full e-flex e-con e-child\" data-id=\"12f39cd\" data-element_type=\"container\" data-settings=\"{&quot;content_width&quot;:&quot;full&quot;}\">\n\t\t\t\t<div class=\"elementor-element elementor-element-8c0940e elementor-widget elementor-widget-video\" data-id=\"8c0940e\" data-element_type=\"widget\" data-settings=\"{&quot;youtube_url&quot;:&quot;https:\\\/\\\/www.youtube.com\\\/watch?v=OqpxJwNvQ80&quot;,&quot;video_type&quot;:&quot;youtube&quot;,&quot;controls&quot;:&quot;yes&quot;}\" data-widget_type=\"video.default\">\n\t\t\t\t<div class=\"elementor-widget-container\">\n\t\t\t<style>\/*! elementor - v3.16.0 - 20-09-2023 *\/\n.elementor-widget-video .elementor-widget-container{overflow:hidden;transform:translateZ(0)}.elementor-widget-video .elementor-wrapper{aspect-ratio:var(--video-aspect-ratio)}.elementor-widget-video .elementor-wrapper iframe,.elementor-widget-video .elementor-wrapper video{height:100%;width:100%;display:flex;border:none;background-color:#000}@supports not (aspect-ratio:1\/1){.elementor-widget-video .elementor-wrapper{position:relative;overflow:hidden;height:0;padding-bottom:calc(100% \/ var(--video-aspect-ratio))}.elementor-widget-video .elementor-wrapper iframe,.elementor-widget-video .elementor-wrapper video{position:absolute;top:0;right:0;bottom:0;left:0}}.elementor-widget-video .elementor-open-inline .elementor-custom-embed-image-overlay{position:absolute;top:0;right:0;bottom:0;left:0;background-size:cover;background-position:50%}.elementor-widget-video .elementor-custom-embed-image-overlay{cursor:pointer;text-align:center}.elementor-widget-video .elementor-custom-embed-image-overlay:hover .elementor-custom-embed-play i{opacity:1}.elementor-widget-video .elementor-custom-embed-image-overlay img{display:block;width:100%;aspect-ratio:var(--video-aspect-ratio);-o-object-fit:cover;object-fit:cover;-o-object-position:center center;object-position:center center}@supports not (aspect-ratio:1\/1){.elementor-widget-video .elementor-custom-embed-image-overlay{position:relative;overflow:hidden;height:0;padding-bottom:calc(100% \/ var(--video-aspect-ratio))}.elementor-widget-video .elementor-custom-embed-image-overlay img{position:absolute;top:0;right:0;bottom:0;left:0}}.elementor-widget-video .e-hosted-video .elementor-video{-o-object-fit:cover;object-fit:cover}.e-con-inner>.elementor-widget-video,.e-con>.elementor-widget-video{width:var(--container-widget-width);--flex-grow:var(--container-widget-flex-grow)}<\/style>\t\t<div class=\"elementor-wrapper elementor-open-inline\">\n\t\t\t<div class=\"elementor-video\"><\/div>\t\t<\/div>\n\t\t\t\t<\/div>\n\t\t\t\t<\/div>\n\t\t\t\t<\/div>\n\t\t\t\t\t<\/div>\n\t\t\t\t<\/div>\n\t\t<div class=\"elementor-element elementor-element-6a02f82 e-flex e-con-boxed e-con e-parent\" data-id=\"6a02f82\" data-element_type=\"container\" data-settings=\"{&quot;content_width&quot;:&quot;boxed&quot;}\" data-core-v316-plus=\"true\">\n\t\t\t\t\t<div class=\"e-con-inner\">\n\t\t<div class=\"elementor-element elementor-element-e4783a4 e-con-full e-flex e-con e-child\" data-id=\"e4783a4\" data-element_type=\"container\" data-settings=\"{&quot;content_width&quot;:&quot;full&quot;}\">\n\t\t\t\t<div class=\"elementor-element elementor-element-7dc605d elementor-widget__width-initial elementor-widget elementor-widget-heading\" data-id=\"7dc605d\" data-element_type=\"widget\" data-widget_type=\"heading.default\">\n\t\t\t\t<div class=\"elementor-widget-container\">\n\t\t\t<h2 class=\"elementor-heading-title elementor-size-default\">Neste ano, o Padre Alberto Gambarini completa 45 anos de ordena\u00e7\u00e3o sacerdotal!<\/h2>\t\t<\/div>\n\t\t\t\t<\/div>\n\t\t\t\t<div class=\"elementor-element elementor-element-8417ce7 elementor-hidden-desktop elementor-hidden-tablet elementor-widget elementor-widget-image\" data-id=\"8417ce7\" data-element_type=\"widget\" data-widget_type=\"image.default\">\n\t\t\t\t<div class=\"elementor-widget-container\">\n\t\t\t\t\t\t\t\t\t\t\t\t\t\t\t<img loading=\"lazy\" decoding=\"async\" width=\"580\" height=\"511\" src=\"https:\/\/encontrocomcristo.com.br\/pe_alberto_45anos\/wp-content\/uploads\/2023\/10\/padre-2.png\" class=\"attachment-large size-large wp-image-35\" alt=\"\" srcset=\"https:\/\/encontrocomcristo.com.br\/pe_alberto_45anos\/wp-content\/uploads\/2023\/10\/padre-2.png 580w, https:\/\/encontrocomcristo.com.br\/pe_alberto_45anos\/wp-content\/uploads\/2023\/10\/padre-2-300x264.png 300w\" sizes=\"auto, (max-width: 580px) 100vw, 580px\" \/>\t\t\t\t\t\t\t\t\t\t\t\t\t\t\t<\/div>\n\t\t\t\t<\/div>\n\t\t\t\t<div class=\"elementor-element elementor-element-d7dc09b elementor-widget elementor-widget-text-editor\" data-id=\"d7dc09b\" data-element_type=\"widget\" data-widget_type=\"text-editor.default\">\n\t\t\t\t<div class=\"elementor-widget-container\">\n\t\t\t<style>\/*! elementor - v3.16.0 - 20-09-2023 *\/\n.elementor-widget-text-editor.elementor-drop-cap-view-stacked .elementor-drop-cap{background-color:#69727d;color:#fff}.elementor-widget-text-editor.elementor-drop-cap-view-framed .elementor-drop-cap{color:#69727d;border:3px solid;background-color:transparent}.elementor-widget-text-editor:not(.elementor-drop-cap-view-default) .elementor-drop-cap{margin-top:8px}.elementor-widget-text-editor:not(.elementor-drop-cap-view-default) .elementor-drop-cap-letter{width:1em;height:1em}.elementor-widget-text-editor .elementor-drop-cap{float:left;text-align:center;line-height:1;font-size:50px}.elementor-widget-text-editor .elementor-drop-cap-letter{display:inline-block}<\/style>\t\t\t\t<p>Uma hist\u00f3ria de amor e dedica\u00e7\u00e3o ao Evangelho. Vocacionado, mission\u00e1rio, devoto, dedicado, amigo, pai espiritual e pastor de um imenso rebanho que com tanto amor conduz at\u00e9 os bra\u00e7os de Deus. Vamos contar um pouco dessa inesquec\u00edvel jornada.<\/p><p>Padre Alberto Gambarini, filho \u00fanico de Ernesto Gambarini e Gabriella Gori Gambarini, recebeu seu chamado ao sacerd\u00f3cio no ano de 1974, depois de participar de uma experi\u00eancia de ora\u00e7\u00e3o no Esp\u00edrito, coordenada pelo Padre Jonas Abib.<\/p>\t\t\t\t\t\t<\/div>\n\t\t\t\t<\/div>\n\t\t\t\t<div class=\"elementor-element elementor-element-0db4dbb elementor-mobile-align-center elementor-widget elementor-widget-button\" data-id=\"0db4dbb\" data-element_type=\"widget\" data-widget_type=\"button.default\">\n\t\t\t\t<div class=\"elementor-widget-container\">\n\t\t\t\t\t<div class=\"elementor-button-wrapper\">\n\t\t\t<a class=\"elementor-button elementor-button-link elementor-size-sm\" href=\"https:\/\/encontrocomcristo.com.br\/pe_alberto_45anos\/padre-alberto\/\">\n\t\t\t\t\t\t<span class=\"elementor-button-content-wrapper\">\n\t\t\t\t\t\t<span class=\"elementor-button-text\">Saiba mais <\/span>\n\t\t<\/span>\n\t\t\t\t\t<\/a>\n\t\t<\/div>\n\t\t\t\t<\/div>\n\t\t\t\t<\/div>\n\t\t\t\t<\/div>\n\t\t<div class=\"elementor-element elementor-element-442433f e-con-full e-flex e-con e-child\" data-id=\"442433f\" data-element_type=\"container\" data-settings=\"{&quot;content_width&quot;:&quot;full&quot;}\">\n\t\t\t\t<div class=\"elementor-element elementor-element-2a6ac7f elementor-hidden-mobile elementor-widget elementor-widget-image\" data-id=\"2a6ac7f\" data-element_type=\"widget\" data-widget_type=\"image.default\">\n\t\t\t\t<div class=\"elementor-widget-container\">\n\t\t\t\t\t\t\t\t\t\t\t\t\t\t\t<img loading=\"lazy\" decoding=\"async\" width=\"580\" height=\"511\" src=\"https:\/\/encontrocomcristo.com.br\/pe_alberto_45anos\/wp-content\/uploads\/2023\/10\/padre-2.png\" class=\"attachment-large size-large wp-image-35\" alt=\"\" srcset=\"https:\/\/encontrocomcristo.com.br\/pe_alberto_45anos\/wp-content\/uploads\/2023\/10\/padre-2.png 580w, https:\/\/encontrocomcristo.com.br\/pe_alberto_45anos\/wp-content\/uploads\/2023\/10\/padre-2-300x264.png 300w\" sizes=\"auto, (max-width: 580px) 100vw, 580px\" \/>\t\t\t\t\t\t\t\t\t\t\t\t\t\t\t<\/div>\n\t\t\t\t<\/div>\n\t\t\t\t<\/div>\n\t\t\t\t\t<\/div>\n\t\t\t\t<\/div>\n\t\t<div class=\"elementor-element elementor-element-705e95e e-flex e-con-boxed e-con e-parent\" data-id=\"705e95e\" data-element_type=\"container\" data-settings=\"{&quot;content_width&quot;:&quot;boxed&quot;}\" data-core-v316-plus=\"true\">\n\t\t\t\t\t<div class=\"e-con-inner\">\n\t\t\t\t<div class=\"elementor-element elementor-element-43cad22 elementor-widget elementor-widget-heading\" data-id=\"43cad22\" data-element_type=\"widget\" data-widget_type=\"heading.default\">\n\t\t\t\t<div class=\"elementor-widget-container\">\n\t\t\t<h2 class=\"elementor-heading-title elementor-size-default\">Atra\u00e7\u00f5es<\/h2>\t\t<\/div>\n\t\t\t\t<\/div>\n\t\t\t\t\t<\/div>\n\t\t\t\t<\/div>\n\t\t<div class=\"elementor-element elementor-element-9332d61 e-flex e-con-boxed e-con e-parent\" data-id=\"9332d61\" data-element_type=\"container\" data-settings=\"{&quot;content_width&quot;:&quot;boxed&quot;}\" data-core-v316-plus=\"true\">\n\t\t\t\t\t<div class=\"e-con-inner\">\n\t\t<div class=\"elementor-element elementor-element-c97eebc e-con-full e-flex e-con e-child\" data-id=\"c97eebc\" data-element_type=\"container\" data-settings=\"{&quot;content_width&quot;:&quot;full&quot;}\">\n\t\t\t\t<div class=\"elementor-element elementor-element-4bb7734 elementor-widget elementor-widget-image\" data-id=\"4bb7734\" data-element_type=\"widget\" data-widget_type=\"image.default\">\n\t\t\t\t<div class=\"elementor-widget-container\">\n\t\t\t\t\t\t\t\t\t\t\t\t\t\t\t<img loading=\"lazy\" decoding=\"async\" width=\"900\" height=\"900\" src=\"https:\/\/encontrocomcristo.com.br\/pe_alberto_45anos\/wp-content\/uploads\/2023\/10\/Irma-Ana-Paulamm.jpg\" class=\"attachment-large size-large wp-image-193\" alt=\"\" srcset=\"https:\/\/encontrocomcristo.com.br\/pe_alberto_45anos\/wp-content\/uploads\/2023\/10\/Irma-Ana-Paulamm.jpg 900w, https:\/\/encontrocomcristo.com.br\/pe_alberto_45anos\/wp-content\/uploads\/2023\/10\/Irma-Ana-Paulamm-300x300.jpg 300w, https:\/\/encontrocomcristo.com.br\/pe_alberto_45anos\/wp-content\/uploads\/2023\/10\/Irma-Ana-Paulamm-150x150.jpg 150w, https:\/\/encontrocomcristo.com.br\/pe_alberto_45anos\/wp-content\/uploads\/2023\/10\/Irma-Ana-Paulamm-768x768.jpg 768w\" sizes=\"auto, (max-width: 900px) 100vw, 900px\" \/>\t\t\t\t\t\t\t\t\t\t\t\t\t\t\t<\/div>\n\t\t\t\t<\/div>\n\t\t\t\t<div class=\"elementor-element elementor-element-8db79a6 elementor-widget elementor-widget-text-editor\" data-id=\"8db79a6\" data-element_type=\"widget\" data-widget_type=\"text-editor.default\">\n\t\t\t\t<div class=\"elementor-widget-container\">\n\t\t\t\t\t\t\t<p>Irm\u00e3 Ana Paula<\/p>\t\t\t\t\t\t<\/div>\n\t\t\t\t<\/div>\n\t\t\t\t<\/div>\n\t\t<div class=\"elementor-element elementor-element-dcf3f70 e-con-full e-flex e-con e-child\" data-id=\"dcf3f70\" data-element_type=\"container\" data-settings=\"{&quot;content_width&quot;:&quot;full&quot;}\">\n\t\t\t\t<div class=\"elementor-element elementor-element-030a0c3 elementor-widget elementor-widget-image\" data-id=\"030a0c3\" data-element_type=\"widget\" data-widget_type=\"image.default\">\n\t\t\t\t<div class=\"elementor-widget-container\">\n\t\t\t\t\t\t\t\t\t\t\t\t\t\t\t<img loading=\"lazy\" decoding=\"async\" width=\"1024\" height=\"1024\" src=\"https:\/\/encontrocomcristo.com.br\/pe_alberto_45anos\/wp-content\/uploads\/2023\/10\/Thayna-Azevedo-1024x1024.jpg\" class=\"attachment-large size-large wp-image-197\" alt=\"\" srcset=\"https:\/\/encontrocomcristo.com.br\/pe_alberto_45anos\/wp-content\/uploads\/2023\/10\/Thayna-Azevedo-1024x1024.jpg 1024w, https:\/\/encontrocomcristo.com.br\/pe_alberto_45anos\/wp-content\/uploads\/2023\/10\/Thayna-Azevedo-300x300.jpg 300w, https:\/\/encontrocomcristo.com.br\/pe_alberto_45anos\/wp-content\/uploads\/2023\/10\/Thayna-Azevedo-150x150.jpg 150w, https:\/\/encontrocomcristo.com.br\/pe_alberto_45anos\/wp-content\/uploads\/2023\/10\/Thayna-Azevedo-768x768.jpg 768w, https:\/\/encontrocomcristo.com.br\/pe_alberto_45anos\/wp-content\/uploads\/2023\/10\/Thayna-Azevedo.jpg 1440w\" sizes=\"auto, (max-width: 1024px) 100vw, 1024px\" \/>\t\t\t\t\t\t\t\t\t\t\t\t\t\t\t<\/div>\n\t\t\t\t<\/div>\n\t\t\t\t<div class=\"elementor-element elementor-element-d1a8e12 elementor-widget elementor-widget-text-editor\" data-id=\"d1a8e12\" data-element_type=\"widget\" data-widget_type=\"text-editor.default\">\n\t\t\t\t<div class=\"elementor-widget-container\">\n\t\t\t\t\t\t\tThayn\u00e1 Azevedo\t\t\t\t\t\t<\/div>\n\t\t\t\t<\/div>\n\t\t\t\t<\/div>\n\t\t<div class=\"elementor-element elementor-element-3087584 e-con-full e-flex e-con e-child\" data-id=\"3087584\" data-element_type=\"container\" data-settings=\"{&quot;content_width&quot;:&quot;full&quot;}\">\n\t\t\t\t<div class=\"elementor-element elementor-element-85c2ba8 elementor-widget elementor-widget-image\" data-id=\"85c2ba8\" data-element_type=\"widget\" data-widget_type=\"image.default\">\n\t\t\t\t<div class=\"elementor-widget-container\">\n\t\t\t\t\t\t\t\t\t\t\t\t\t\t\t<img loading=\"lazy\" decoding=\"async\" width=\"960\" height=\"960\" src=\"https:\/\/encontrocomcristo.com.br\/pe_alberto_45anos\/wp-content\/uploads\/2023\/10\/Walmir-Alencar.jpg\" class=\"attachment-large size-large wp-image-199\" alt=\"\" srcset=\"https:\/\/encontrocomcristo.com.br\/pe_alberto_45anos\/wp-content\/uploads\/2023\/10\/Walmir-Alencar.jpg 960w, https:\/\/encontrocomcristo.com.br\/pe_alberto_45anos\/wp-content\/uploads\/2023\/10\/Walmir-Alencar-300x300.jpg 300w, https:\/\/encontrocomcristo.com.br\/pe_alberto_45anos\/wp-content\/uploads\/2023\/10\/Walmir-Alencar-150x150.jpg 150w, https:\/\/encontrocomcristo.com.br\/pe_alberto_45anos\/wp-content\/uploads\/2023\/10\/Walmir-Alencar-768x768.jpg 768w\" sizes=\"auto, (max-width: 960px) 100vw, 960px\" \/>\t\t\t\t\t\t\t\t\t\t\t\t\t\t\t<\/div>\n\t\t\t\t<\/div>\n\t\t\t\t<div class=\"elementor-element elementor-element-31457f4 elementor-widget elementor-widget-text-editor\" data-id=\"31457f4\" data-element_type=\"widget\" data-widget_type=\"text-editor.default\">\n\t\t\t\t<div class=\"elementor-widget-container\">\n\t\t\t\t\t\t\tWalmir Alencar\t\t\t\t\t\t<\/div>\n\t\t\t\t<\/div>\n\t\t\t\t<\/div>\n\t\t<div class=\"elementor-element elementor-element-2f97478 e-con-full e-flex e-con e-child\" data-id=\"2f97478\" data-element_type=\"container\" data-settings=\"{&quot;content_width&quot;:&quot;full&quot;}\">\n\t\t\t\t<div class=\"elementor-element elementor-element-21b0962 elementor-widget elementor-widget-image\" data-id=\"21b0962\" data-element_type=\"widget\" data-widget_type=\"image.default\">\n\t\t\t\t<div class=\"elementor-widget-container\">\n\t\t\t\t\t\t\t\t\t\t\t\t\t\t\t<img loading=\"lazy\" decoding=\"async\" width=\"1024\" height=\"1024\" src=\"https:\/\/encontrocomcristo.com.br\/pe_alberto_45anos\/wp-content\/uploads\/2023\/10\/Marilia-Mello-1024x1024.jpg\" class=\"attachment-large size-large wp-image-195\" alt=\"\" srcset=\"https:\/\/encontrocomcristo.com.br\/pe_alberto_45anos\/wp-content\/uploads\/2023\/10\/Marilia-Mello-1024x1024.jpg 1024w, https:\/\/encontrocomcristo.com.br\/pe_alberto_45anos\/wp-content\/uploads\/2023\/10\/Marilia-Mello-300x300.jpg 300w, https:\/\/encontrocomcristo.com.br\/pe_alberto_45anos\/wp-content\/uploads\/2023\/10\/Marilia-Mello-150x150.jpg 150w, https:\/\/encontrocomcristo.com.br\/pe_alberto_45anos\/wp-content\/uploads\/2023\/10\/Marilia-Mello-768x768.jpg 768w, https:\/\/encontrocomcristo.com.br\/pe_alberto_45anos\/wp-content\/uploads\/2023\/10\/Marilia-Mello-1536x1536.jpg 1536w, https:\/\/encontrocomcristo.com.br\/pe_alberto_45anos\/wp-content\/uploads\/2023\/10\/Marilia-Mello.jpg 2048w\" sizes=\"auto, (max-width: 1024px) 100vw, 1024px\" \/>\t\t\t\t\t\t\t\t\t\t\t\t\t\t\t<\/div>\n\t\t\t\t<\/div>\n\t\t\t\t<div class=\"elementor-element elementor-element-6bf745d elementor-widget elementor-widget-text-editor\" data-id=\"6bf745d\" data-element_type=\"widget\" data-widget_type=\"text-editor.default\">\n\t\t\t\t<div class=\"elementor-widget-container\">\n\t\t\t\t\t\t\tMar\u00edlia Mello\t\t\t\t\t\t<\/div>\n\t\t\t\t<\/div>\n\t\t\t\t<\/div>\n\t\t\t\t\t<\/div>\n\t\t\t\t<\/div>\n\t\t<div class=\"elementor-element elementor-element-9436d20 e-flex e-con-boxed e-con e-parent\" data-id=\"9436d20\" data-element_type=\"container\" data-settings=\"{&quot;content_width&quot;:&quot;boxed&quot;}\" data-core-v316-plus=\"true\">\n\t\t\t\t\t<div class=\"e-con-inner\">\n\t\t\t\t<div class=\"elementor-element elementor-element-e497aae elementor-mobile-align-justify elementor-widget elementor-widget-button\" data-id=\"e497aae\" data-element_type=\"widget\" data-widget_type=\"button.default\">\n\t\t\t\t<div class=\"elementor-widget-container\">\n\t\t\t\t\t<div class=\"elementor-button-wrapper\">\n\t\t\t<a class=\"elementor-button elementor-button-link elementor-size-sm\" href=\"https:\/\/encontrocomcristo.com.br\/pe_alberto_45anos\/atracoes\">\n\t\t\t\t\t\t<span class=\"elementor-button-content-wrapper\">\n\t\t\t\t\t\t<span class=\"elementor-button-text\">Ver todas Atra\u00e7\u00f5es<\/span>\n\t\t<\/span>\n\t\t\t\t\t<\/a>\n\t\t<\/div>\n\t\t\t\t<\/div>\n\t\t\t\t<\/div>\n\t\t\t\t\t<\/div>\n\t\t\t\t<\/div>\n\t\t\t\t\t\t\t<\/div>\n\t\t","protected":false},"excerpt":{"rendered":"<p>Padre Alberto 45 Anos Ver Galeria Neste ano, o Padre Alberto Gambarini completa 45 anos de ordena\u00e7\u00e3o sacerdotal! Uma hist\u00f3ria de amor e dedica\u00e7\u00e3o ao Evangelho. Vocacionado, mission\u00e1rio, devoto, dedicado, amigo, pai espiritual e pastor de um imenso rebanho que com tanto amor conduz at\u00e9 os bra\u00e7os de Deus. Vamos contar um pouco dessa inesquec\u00edvel [&hellip;]<\/p>\n","protected":false},"author":1,"featured_media":0,"parent":0,"menu_order":0,"comment_status":"closed","ping_status":"closed","template":"","meta":{"footnotes":""},"class_list":["post-8","page","type-page","status-publish","hentry"],"blocksy_meta":"","_links":{"self":[{"href":"https:\/\/encontrocomcristo.com.br\/pe_alberto_45anos\/wp-json\/wp\/v2\/pages\/8","targetHints":{"allow":["GET"]}}],"collection":[{"href":"https:\/\/encontrocomcristo.com.br\/pe_alberto_45anos\/wp-json\/wp\/v2\/pages"}],"about":[{"href":"https:\/\/encontrocomcristo.com.br\/pe_alberto_45anos\/wp-json\/wp\/v2\/types\/page"}],"author":[{"embeddable":true,"href":"https:\/\/encontrocomcristo.com.br\/pe_alberto_45anos\/wp-json\/wp\/v2\/users\/1"}],"replies":[{"embeddable":true,"href":"https:\/\/encontrocomcristo.com.br\/pe_alberto_45anos\/wp-json\/wp\/v2\/comments?post=8"}],"version-history":[{"count":40,"href":"https:\/\/encontrocomcristo.com.br\/pe_alberto_45anos\/wp-json\/wp\/v2\/pages\/8\/revisions"}],"predecessor-version":[{"id":377,"href":"https:\/\/encontrocomcristo.com.br\/pe_alberto_45anos\/wp-json\/wp\/v2\/pages\/8\/revisions\/377"}],"wp:attachment":[{"href":"https:\/\/encontrocomcristo.com.br\/pe_alberto_45anos\/wp-json\/wp\/v2\/media?parent=8"}],"curies":[{"name":"wp","href":"https:\/\/api.w.org\/{rel}","templated":true}]}}