{"id":200,"date":"2023-10-04T23:59:39","date_gmt":"2023-10-05T02:59:39","guid":{"rendered":"https:\/\/encontrocomcristo.com.br\/louvor_carnaval\/?page_id=200"},"modified":"2023-12-14T10:14:40","modified_gmt":"2023-12-14T13:14:40","slug":"atracoes","status":"publish","type":"page","link":"https:\/\/encontrocomcristo.com.br\/louvor_carnaval\/atracoes\/","title":{"rendered":"Atra\u00e7\u00f5es"},"content":{"rendered":"\t\t<div data-elementor-type=\"wp-page\" data-elementor-id=\"200\" class=\"elementor elementor-200\" data-elementor-post-type=\"page\">\n\t\t\t\t\t\t\t<div class=\"elementor-element elementor-element-dbbd6a6 e-flex e-con-boxed e-con e-parent\" data-id=\"dbbd6a6\" data-element_type=\"container\" data-settings=\"{&quot;content_width&quot;:&quot;boxed&quot;}\" data-core-v316-plus=\"true\">\n\t\t\t\t\t<div class=\"e-con-inner\">\n\t\t\t\t<div class=\"elementor-element elementor-element-1b7a971 elementor-widget__width-initial elementor-widget elementor-widget-heading\" data-id=\"1b7a971\" data-element_type=\"widget\" data-widget_type=\"heading.default\">\n\t\t\t\t<div class=\"elementor-widget-container\">\n\t\t\t<style>\/*! elementor - v3.16.0 - 20-09-2023 *\/\n.elementor-heading-title{padding:0;margin:0;line-height:1}.elementor-widget-heading .elementor-heading-title[class*=elementor-size-]>a{color:inherit;font-size:inherit;line-height:inherit}.elementor-widget-heading .elementor-heading-title.elementor-size-small{font-size:15px}.elementor-widget-heading .elementor-heading-title.elementor-size-medium{font-size:19px}.elementor-widget-heading .elementor-heading-title.elementor-size-large{font-size:29px}.elementor-widget-heading .elementor-heading-title.elementor-size-xl{font-size:39px}.elementor-widget-heading .elementor-heading-title.elementor-size-xxl{font-size:59px}<\/style><h2 class=\"elementor-heading-title elementor-size-default\">Atra\u00e7\u00f5es<\/h2>\t\t<\/div>\n\t\t\t\t<\/div>\n\t\t\t\t\t<\/div>\n\t\t\t\t<\/div>\n\t\t<div class=\"elementor-element elementor-element-1c75341 e-flex e-con-boxed e-con e-parent\" data-id=\"1c75341\" data-element_type=\"container\" data-settings=\"{&quot;content_width&quot;:&quot;boxed&quot;}\" data-core-v316-plus=\"true\">\n\t\t\t\t\t<div class=\"e-con-inner\">\n\t\t<div class=\"elementor-element elementor-element-44500b9 e-con-full e-flex e-con e-child\" data-id=\"44500b9\" data-element_type=\"container\" data-settings=\"{&quot;content_width&quot;:&quot;full&quot;}\">\n\t\t\t\t<div class=\"elementor-element elementor-element-92b268a elementor-widget__width-initial elementor-widget elementor-widget-image\" data-id=\"92b268a\" data-element_type=\"widget\" data-widget_type=\"image.default\">\n\t\t\t\t<div class=\"elementor-widget-container\">\n\t\t\t<style>\/*! elementor - v3.16.0 - 20-09-2023 *\/\n.elementor-widget-image{text-align:center}.elementor-widget-image a{display:inline-block}.elementor-widget-image a img[src$=\".svg\"]{width:48px}.elementor-widget-image img{vertical-align:middle;display:inline-block}<\/style>\t\t\t\t\t\t\t\t\t\t\t\t<img loading=\"lazy\" decoding=\"async\" width=\"580\" height=\"511\" src=\"https:\/\/encontrocomcristo.com.br\/louvor_carnaval\/wp-content\/uploads\/2023\/10\/padre-2.png\" class=\"attachment-full size-full wp-image-35\" alt=\"\" srcset=\"https:\/\/encontrocomcristo.com.br\/louvor_carnaval\/wp-content\/uploads\/2023\/10\/padre-2.png 580w, https:\/\/encontrocomcristo.com.br\/louvor_carnaval\/wp-content\/uploads\/2023\/10\/padre-2-300x264.png 300w\" sizes=\"auto, (max-width: 580px) 100vw, 580px\" \/>\t\t\t\t\t\t\t\t\t\t\t\t\t\t\t<\/div>\n\t\t\t\t<\/div>\n\t\t\t\t<\/div>\n\t\t<div class=\"elementor-element elementor-element-79c87c4 e-con-full e-flex e-con e-child\" data-id=\"79c87c4\" data-element_type=\"container\" data-settings=\"{&quot;content_width&quot;:&quot;full&quot;}\">\n\t\t\t\t<div class=\"elementor-element elementor-element-c78f31a elementor-widget elementor-widget-heading\" data-id=\"c78f31a\" data-element_type=\"widget\" data-widget_type=\"heading.default\">\n\t\t\t\t<div class=\"elementor-widget-container\">\n\t\t\t<h2 class=\"elementor-heading-title elementor-size-default\">PE. ALBERTO GAMBARINI<\/h2>\t\t<\/div>\n\t\t\t\t<\/div>\n\t\t\t\t<div class=\"elementor-element elementor-element-5497eba elementor-widget elementor-widget-text-editor\" data-id=\"5497eba\" data-element_type=\"widget\" data-widget_type=\"text-editor.default\">\n\t\t\t\t<div class=\"elementor-widget-container\">\n\t\t\t<style>\/*! elementor - v3.16.0 - 20-09-2023 *\/\n.elementor-widget-text-editor.elementor-drop-cap-view-stacked .elementor-drop-cap{background-color:#69727d;color:#fff}.elementor-widget-text-editor.elementor-drop-cap-view-framed .elementor-drop-cap{color:#69727d;border:3px solid;background-color:transparent}.elementor-widget-text-editor:not(.elementor-drop-cap-view-default) .elementor-drop-cap{margin-top:8px}.elementor-widget-text-editor:not(.elementor-drop-cap-view-default) .elementor-drop-cap-letter{width:1em;height:1em}.elementor-widget-text-editor .elementor-drop-cap{float:left;text-align:center;line-height:1;font-size:50px}.elementor-widget-text-editor .elementor-drop-cap-letter{display:inline-block}<\/style>\t\t\t\t<p>Pe. Alberto Gambarini e P\u00e1roco da Par\u00f3quia-Santu\u00e1rio N. Sra. dos Prazeres e Divina Miseric\u00f3rdia, em Itapecerica da Serra, apresentador do Programa Encontro com Cristo, na Rede Vida de Televis\u00e3o e em outras emissoras, autor de diversos livros de espiritualidade.<br \/>Seus livros foram lidos por milh\u00f5es de leitores, e \u00e9 acompanhado por milhares de pessoas nas Redes Sociais.<br \/>Tem como inspira\u00e7\u00e3o de sua vida &#8220;Anunciar Jesus misericordioso com a alegria de Maria&#8221;.<\/p>\t\t\t\t\t\t<\/div>\n\t\t\t\t<\/div>\n\t\t\t\t<\/div>\n\t\t\t\t\t<\/div>\n\t\t\t\t<\/div>\n\t\t<div class=\"elementor-element elementor-element-a74c0b5 e-flex e-con-boxed e-con e-parent\" data-id=\"a74c0b5\" data-element_type=\"container\" data-settings=\"{&quot;content_width&quot;:&quot;boxed&quot;}\" data-core-v316-plus=\"true\">\n\t\t\t\t\t<div class=\"e-con-inner\">\n\t\t<div class=\"elementor-element elementor-element-35c2ad9 e-con-full e-flex e-con e-child\" data-id=\"35c2ad9\" data-element_type=\"container\" data-settings=\"{&quot;content_width&quot;:&quot;full&quot;}\">\n\t\t\t\t<div class=\"elementor-element elementor-element-16a0710 elementor-widget__width-initial elementor-widget elementor-widget-image\" data-id=\"16a0710\" data-element_type=\"widget\" data-widget_type=\"image.default\">\n\t\t\t\t<div class=\"elementor-widget-container\">\n\t\t\t\t\t\t\t\t\t\t\t\t\t\t\t<img loading=\"lazy\" decoding=\"async\" width=\"960\" height=\"960\" src=\"https:\/\/encontrocomcristo.com.br\/louvor_carnaval\/wp-content\/uploads\/2023\/10\/Walmir-Alencar.jpg\" class=\"attachment-full size-full wp-image-199\" alt=\"\" srcset=\"https:\/\/encontrocomcristo.com.br\/louvor_carnaval\/wp-content\/uploads\/2023\/10\/Walmir-Alencar.jpg 960w, https:\/\/encontrocomcristo.com.br\/louvor_carnaval\/wp-content\/uploads\/2023\/10\/Walmir-Alencar-300x300.jpg 300w, https:\/\/encontrocomcristo.com.br\/louvor_carnaval\/wp-content\/uploads\/2023\/10\/Walmir-Alencar-150x150.jpg 150w, https:\/\/encontrocomcristo.com.br\/louvor_carnaval\/wp-content\/uploads\/2023\/10\/Walmir-Alencar-768x768.jpg 768w\" sizes=\"auto, (max-width: 960px) 100vw, 960px\" \/>\t\t\t\t\t\t\t\t\t\t\t\t\t\t\t<\/div>\n\t\t\t\t<\/div>\n\t\t\t\t<\/div>\n\t\t<div class=\"elementor-element elementor-element-a21a0d0 e-con-full e-flex e-con e-child\" data-id=\"a21a0d0\" data-element_type=\"container\" data-settings=\"{&quot;content_width&quot;:&quot;full&quot;}\">\n\t\t\t\t<div class=\"elementor-element elementor-element-ecd1a6b elementor-widget elementor-widget-heading\" data-id=\"ecd1a6b\" data-element_type=\"widget\" data-widget_type=\"heading.default\">\n\t\t\t\t<div class=\"elementor-widget-container\">\n\t\t\t<h2 class=\"elementor-heading-title elementor-size-default\">Walmir Alencar<\/h2>\t\t<\/div>\n\t\t\t\t<\/div>\n\t\t\t\t<div class=\"elementor-element elementor-element-b80dc3e elementor-widget elementor-widget-text-editor\" data-id=\"b80dc3e\" data-element_type=\"widget\" data-widget_type=\"text-editor.default\">\n\t\t\t\t<div class=\"elementor-widget-container\">\n\t\t\t\t\t\t\t<p>Walmir Alencar \u00e9 um cantor e compositor da m\u00fasica cat\u00f3lica brasileira.<\/p><p>Nascido em Registro, baixada santista, Walmir Alencar passou muito tempo de sua vida sem pensar em ser m\u00fasico. Aos 16 anos teve seu primeiro contato com a Igreja Cat\u00f3lica, onde encontrou a verdadeira felicidade. Foi batizado aos 17 anos, e reuniu sua fam\u00edlia, levando todos para a Igreja.<\/p><p>J\u00e1 fez parte da banda Vida Reluz e, atualmente, faz parte do Minist\u00e9rio Adora\u00e7\u00e3o e Vida. Como compositor, tem grandes sucessos como \u201cAbra\u00e7o de Pai\u201d (gravado pela cantora Adriana), \u201cPerfeito \u00e9 quem te criou\u201d e \u201cCelebra a Vit\u00f3ria\u201d (gravadas pela banda Vida Reluz). J\u00e1 como cantor, \u00e9 a voz por tr\u00e1s de m\u00fasicas como \u201cHoje livre sou\u201d.<\/p><p>Esteve presente no Louvor de Anivers\u00e1rio de 45 anos de sacerd\u00f3cio do padre Alberto Gambarini, cantando suas can\u00e7\u00f5es e prestigiando o aniversariante.<\/p>\t\t\t\t\t\t<\/div>\n\t\t\t\t<\/div>\n\t\t\t\t<\/div>\n\t\t\t\t\t<\/div>\n\t\t\t\t<\/div>\n\t\t<div class=\"elementor-element elementor-element-2a16dc1 e-flex e-con-boxed e-con e-parent\" data-id=\"2a16dc1\" data-element_type=\"container\" data-settings=\"{&quot;content_width&quot;:&quot;boxed&quot;}\" data-core-v316-plus=\"true\">\n\t\t\t\t\t<div class=\"e-con-inner\">\n\t\t<div class=\"elementor-element elementor-element-037e089 e-con-full e-flex e-con e-child\" data-id=\"037e089\" data-element_type=\"container\" data-settings=\"{&quot;content_width&quot;:&quot;full&quot;}\">\n\t\t\t\t<div class=\"elementor-element elementor-element-ad87210 elementor-widget__width-initial elementor-widget elementor-widget-image\" data-id=\"ad87210\" data-element_type=\"widget\" data-widget_type=\"image.default\">\n\t\t\t\t<div class=\"elementor-widget-container\">\n\t\t\t\t\t\t\t\t\t\t\t\t\t\t\t<img loading=\"lazy\" decoding=\"async\" width=\"2048\" height=\"1487\" src=\"https:\/\/encontrocomcristo.com.br\/louvor_carnaval\/wp-content\/uploads\/2023\/10\/Padre-Rodolfo-Camarotta.jpg\" class=\"attachment-full size-full wp-image-396\" alt=\"\" srcset=\"https:\/\/encontrocomcristo.com.br\/louvor_carnaval\/wp-content\/uploads\/2023\/10\/Padre-Rodolfo-Camarotta.jpg 2048w, https:\/\/encontrocomcristo.com.br\/louvor_carnaval\/wp-content\/uploads\/2023\/10\/Padre-Rodolfo-Camarotta-300x218.jpg 300w, https:\/\/encontrocomcristo.com.br\/louvor_carnaval\/wp-content\/uploads\/2023\/10\/Padre-Rodolfo-Camarotta-1024x744.jpg 1024w, https:\/\/encontrocomcristo.com.br\/louvor_carnaval\/wp-content\/uploads\/2023\/10\/Padre-Rodolfo-Camarotta-768x558.jpg 768w, https:\/\/encontrocomcristo.com.br\/louvor_carnaval\/wp-content\/uploads\/2023\/10\/Padre-Rodolfo-Camarotta-1536x1115.jpg 1536w\" sizes=\"auto, (max-width: 2048px) 100vw, 2048px\" \/>\t\t\t\t\t\t\t\t\t\t\t\t\t\t\t<\/div>\n\t\t\t\t<\/div>\n\t\t\t\t<\/div>\n\t\t<div class=\"elementor-element elementor-element-95912e7 e-con-full e-flex e-con e-child\" data-id=\"95912e7\" data-element_type=\"container\" data-settings=\"{&quot;content_width&quot;:&quot;full&quot;}\">\n\t\t\t\t<div class=\"elementor-element elementor-element-9cfdd34 elementor-widget elementor-widget-heading\" data-id=\"9cfdd34\" data-element_type=\"widget\" data-widget_type=\"heading.default\">\n\t\t\t\t<div class=\"elementor-widget-container\">\n\t\t\t<h2 class=\"elementor-heading-title elementor-size-default\">PE. RODOLFO CAMAROTTA<\/h2>\t\t<\/div>\n\t\t\t\t<\/div>\n\t\t\t\t<div class=\"elementor-element elementor-element-8f2609a elementor-widget elementor-widget-text-editor\" data-id=\"8f2609a\" data-element_type=\"widget\" data-widget_type=\"text-editor.default\">\n\t\t\t\t<div class=\"elementor-widget-container\">\n\t\t\t\t\t\t\t<p>Padre Rodolfo Camarotta \u00e9 padre na Diocese de Campo Limpo e apresentador do programa \u201cNovena Maria Passa na Frente\u201d, na Rede Vida. No Youtube, apresenta o \u201cPadrecast\u201d, em que recebe convidados.<\/p><p>Na Diocese de Campo Limpo tamb\u00e9m foi Assessor Diocesano da Juventude. \u00c9 p\u00e1roco na Par\u00f3quia Sagrado Cora\u00e7\u00e3o de Jesus.<\/p><p>\u00c9 convidado corriqueiro dos grupos de ora\u00e7\u00e3o no Santu\u00e1rio Nossa Senhora dos Prazeres e Divina Miseric\u00f3rdia, bem como dos Louvores Encontro com Cristo.<\/p>\t\t\t\t\t\t<\/div>\n\t\t\t\t<\/div>\n\t\t\t\t<\/div>\n\t\t\t\t\t<\/div>\n\t\t\t\t<\/div>\n\t\t<div class=\"elementor-element elementor-element-072a4f8 e-flex e-con-boxed e-con e-parent\" data-id=\"072a4f8\" data-element_type=\"container\" data-settings=\"{&quot;content_width&quot;:&quot;boxed&quot;}\" data-core-v316-plus=\"true\">\n\t\t\t\t\t<div class=\"e-con-inner\">\n\t\t<div class=\"elementor-element elementor-element-377e0a0 e-con-full e-flex e-con e-child\" data-id=\"377e0a0\" data-element_type=\"container\" data-settings=\"{&quot;content_width&quot;:&quot;full&quot;}\">\n\t\t\t\t<div class=\"elementor-element elementor-element-f324b78 elementor-widget elementor-widget-image\" data-id=\"f324b78\" data-element_type=\"widget\" data-widget_type=\"image.default\">\n\t\t\t\t<div class=\"elementor-widget-container\">\n\t\t\t\t\t\t\t\t\t\t\t\t\t\t\t<img loading=\"lazy\" decoding=\"async\" width=\"1280\" height=\"853\" src=\"https:\/\/encontrocomcristo.com.br\/louvor_carnaval\/wp-content\/uploads\/2023\/12\/Foto-Pe.-Ailton-Cardoso.jpeg\" class=\"attachment-full size-full wp-image-419\" alt=\"\" srcset=\"https:\/\/encontrocomcristo.com.br\/louvor_carnaval\/wp-content\/uploads\/2023\/12\/Foto-Pe.-Ailton-Cardoso.jpeg 1280w, https:\/\/encontrocomcristo.com.br\/louvor_carnaval\/wp-content\/uploads\/2023\/12\/Foto-Pe.-Ailton-Cardoso-300x200.jpeg 300w, https:\/\/encontrocomcristo.com.br\/louvor_carnaval\/wp-content\/uploads\/2023\/12\/Foto-Pe.-Ailton-Cardoso-1024x682.jpeg 1024w, https:\/\/encontrocomcristo.com.br\/louvor_carnaval\/wp-content\/uploads\/2023\/12\/Foto-Pe.-Ailton-Cardoso-768x512.jpeg 768w\" sizes=\"auto, (max-width: 1280px) 100vw, 1280px\" \/>\t\t\t\t\t\t\t\t\t\t\t\t\t\t\t<\/div>\n\t\t\t\t<\/div>\n\t\t\t\t<\/div>\n\t\t<div class=\"elementor-element elementor-element-dcc8343 e-con-full e-flex e-con e-child\" data-id=\"dcc8343\" data-element_type=\"container\" data-settings=\"{&quot;content_width&quot;:&quot;full&quot;}\">\n\t\t\t\t<div class=\"elementor-element elementor-element-415b0ed elementor-widget elementor-widget-heading\" data-id=\"415b0ed\" data-element_type=\"widget\" data-widget_type=\"heading.default\">\n\t\t\t\t<div class=\"elementor-widget-container\">\n\t\t\t<h2 class=\"elementor-heading-title elementor-size-default\">PE. AILTON FERNANDES<\/h2>\t\t<\/div>\n\t\t\t\t<\/div>\n\t\t\t\t<div class=\"elementor-element elementor-element-5c3a298 elementor-widget elementor-widget-text-editor\" data-id=\"5c3a298\" data-element_type=\"widget\" data-widget_type=\"text-editor.default\">\n\t\t\t\t<div class=\"elementor-widget-container\">\n\t\t\t\t\t\t\t<p>Padre Ailton Fernandes \u00e9 o fundador da Fraternidade S\u00e3o Jo\u00e3o Paulo II e do grupo de ora\u00e7\u00e3o Disc\u00edpulos de Jesus, na Comunidade S\u00e3o Crist\u00f3v\u00e3o.<\/p><p>Nascido em Alagoa Nova, na Para\u00edba, padre Ailton veio para S\u00e3o Paulo ainda pequeno. Conforme crescia, participava cada vez mais das atividades da igreja em Monte Alto, onde ficou at\u00e9 sua juventude.<\/p><p>Hoje, padre Ailton Fernandes \u00e9 p\u00e1roco na Par\u00f3quia Nossa Senhora do Perp\u00e9tuo Socorro e Santa Ros\u00e1lia. Tamb\u00e9m segue cumprindo as fun\u00e7\u00f5es de fundador da Fraternidade, bem como administra obras de caridade.<\/p>\t\t\t\t\t\t<\/div>\n\t\t\t\t<\/div>\n\t\t\t\t<\/div>\n\t\t\t\t\t<\/div>\n\t\t\t\t<\/div>\n\t\t\t\t\t\t\t<\/div>\n\t\t","protected":false},"excerpt":{"rendered":"<p>Atra\u00e7\u00f5es PE. ALBERTO GAMBARINI Pe. Alberto Gambarini e P\u00e1roco da Par\u00f3quia-Santu\u00e1rio N. Sra. dos Prazeres e Divina Miseric\u00f3rdia, em Itapecerica da Serra, apresentador do Programa Encontro com Cristo, na Rede Vida de Televis\u00e3o e em outras emissoras, autor de diversos livros de espiritualidade.Seus livros foram lidos por milh\u00f5es de leitores, e \u00e9 acompanhado por milhares [&hellip;]<\/p>\n","protected":false},"author":1,"featured_media":0,"parent":0,"menu_order":0,"comment_status":"closed","ping_status":"closed","template":"","meta":{"footnotes":""},"class_list":["post-200","page","type-page","status-publish","hentry"],"blocksy_meta":"","_links":{"self":[{"href":"https:\/\/encontrocomcristo.com.br\/louvor_carnaval\/wp-json\/wp\/v2\/pages\/200","targetHints":{"allow":["GET"]}}],"collection":[{"href":"https:\/\/encontrocomcristo.com.br\/louvor_carnaval\/wp-json\/wp\/v2\/pages"}],"about":[{"href":"https:\/\/encontrocomcristo.com.br\/louvor_carnaval\/wp-json\/wp\/v2\/types\/page"}],"author":[{"embeddable":true,"href":"https:\/\/encontrocomcristo.com.br\/louvor_carnaval\/wp-json\/wp\/v2\/users\/1"}],"replies":[{"embeddable":true,"href":"https:\/\/encontrocomcristo.com.br\/louvor_carnaval\/wp-json\/wp\/v2\/comments?post=200"}],"version-history":[{"count":22,"href":"https:\/\/encontrocomcristo.com.br\/louvor_carnaval\/wp-json\/wp\/v2\/pages\/200\/revisions"}],"predecessor-version":[{"id":482,"href":"https:\/\/encontrocomcristo.com.br\/louvor_carnaval\/wp-json\/wp\/v2\/pages\/200\/revisions\/482"}],"wp:attachment":[{"href":"https:\/\/encontrocomcristo.com.br\/louvor_carnaval\/wp-json\/wp\/v2\/media?parent=200"}],"curies":[{"name":"wp","href":"https:\/\/api.w.org\/{rel}","templated":true}]}}